{"id":781,"date":"2017-02-09T08:45:13","date_gmt":"2017-02-09T08:45:13","guid":{"rendered":"http:\/\/dummy.xtemos.com\/basel\/vers\/?page_id=781"},"modified":"2025-07-24T01:06:04","modified_gmt":"2025-07-24T01:06:04","slug":"quienes-somos","status":"publish","type":"page","link":"https:\/\/ceroc.cl\/dental\/quienes-somos\/","title":{"rendered":"QUI\u00c9NES SOMOS"},"content":{"rendered":"<div class=\"wpb-content-wrapper\"><p>[vc_row][vc_column][vc_separator color=\u00bbcustom\u00bb css=\u00bb\u00bb accent_color=\u00bb#EBEBEB00&#8243;][\/vc_column][\/vc_row][vc_row full_width=\u00bbstretch_row_content_no_spaces\u00bb content_placement=\u00bbmiddle\u00bb css=\u00bb.vc_custom_1451486211770{margin-top: -40px !important;margin-bottom: -40px !important;}\u00bb][vc_column offset=\u00bbvc_col-md-6&#8243;][vc_single_image image=\u00bb32143&#8243; img_size=\u00bbfull\u00bb alignment=\u00bbright\u00bb style=\u00bbvc_box_shadow_border\u00bb onclick=\u00bblink_image\u00bb css_animation=\u00bbfadeIn\u00bb css=\u00bb.vc_custom_1753318596008{margin-bottom: 0px !important;}\u00bb][\/vc_column][vc_column css=\u00bb.vc_custom_1485009354843{margin-top: 25px !important;margin-bottom: 40px !important;padding-right: 10% !important;padding-left: 10% !important;}\u00bb offset=\u00bbvc_col-md-6&#8243;][vc_column_text css=\u00bb.vc_custom_1753317785464{margin-bottom: 30px !important;}\u00bb]<\/p>\n<h1 class=\"font-title\" style=\"text-align: center; font-size: 42px; text-transform: capitalize;\">QUI\u00c9NES SOMOS<\/h1>\n<p>[\/vc_column_text][vc_column_text css=\u00bb.vc_custom_1753317822303{padding-right: 30px !important;padding-left: 30px !important;}\u00bb]<\/p>\n<p style=\"text-align: center; line-height: 1.8;\">Somos un Centro Radiol\u00f3gico Dento M\u00e1xilo Facial con m\u00e1s de 20 a\u00f1os de experiencia, contamos con personal altamente capacitado y equipamiento de vanguardia para entregar confianza y un servicio de excelencia a los profesionales y sus pacientes.<\/p>\n<p>[\/vc_column_text][vc_single_image image=\u00bb32155&#8243; img_size=\u00bbfull\u00bb alignment=\u00bbcenter\u00bb css=\u00bb.vc_custom_1753319164700{margin-bottom: 30px !important;}\u00bb]\n\t\t\t<ul class=\"social-icons text-center icons-design-circle icons-size-default social-share \">\n\t\t\t\t\t\t\t\t\t<li class=\"social-facebook\"><a rel=\"noopener noreferrer nofollow\" href=\"https:\/\/www.facebook.com\/sharer\/sharer.php?u=https:\/\/ceroc.cl\/dental\/quienes-somos\/\" target=\"_blank\" class=\"\"><i class=\"fa fa-facebook\"><\/i><span class=\"basel-social-icon-name\">Facebook<\/span><\/a><\/li>\n\t\t\t\t\n\t\t\t\t\t\t\t\t\t<li class=\"social-twitter\"><a rel=\"noopener noreferrer nofollow\" href=\"https:\/\/twitter.com\/share?url=https:\/\/ceroc.cl\/dental\/quienes-somos\/\" target=\"_blank\" class=\"\"><i class=\"fa fa-twitter\"><\/i><span class=\"basel-social-icon-name\">Twitter<\/span><\/a><\/li>\n\t\t\t\t\n\t\t\t\t\n\t\t\t\t\n\t\t\t\t\n\t\t\t\t\t\t\t\t\t<li class=\"social-pinterest\"><a rel=\"noopener noreferrer nofollow\" href=\"https:\/\/pinterest.com\/pin\/create\/button\/?url=https:\/\/ceroc.cl\/dental\/quienes-somos\/&media=https:\/\/ceroc.cl\/dental\/wp-includes\/images\/media\/default.svg\" target=\"_blank\" class=\"\"><i class=\"fa fa-pinterest\"><\/i><span class=\"basel-social-icon-name\">Pinterest<\/span><\/a><\/li>\n\t\t\t\t\n\t\t\t\t\n\t\t\t\t\t\t\t\t\t<li class=\"social-linkedin\"><a rel=\"noopener noreferrer nofollow\" href=\"https:\/\/www.linkedin.com\/shareArticle?mini=true&url=https:\/\/ceroc.cl\/dental\/quienes-somos\/\" target=\"_blank\" class=\"\"><i class=\"fa fa-linkedin\"><\/i><span class=\"basel-social-icon-name\">LinkedIn<\/span><\/a><\/li>\n\t\t\t\t\n\t\t\t\t\n\t\t\t\t\n\t\t\t\t\n\t\t\t\t\n\t\t\t\t\n\t\t\t\t\n\t\t\t\t\n\t\t\t\t\n\t\t\t\t\t\t\t\t\n\t\t\t\t\n\t\t\t\t\n\t\t\t\t\t\t\t\t\t<li class=\"social-tg\"><a rel=\"noopener noreferrer nofollow\" href=\"https:\/\/telegram.me\/share\/url?url=https:\/\/ceroc.cl\/dental\/quienes-somos\/\" target=\"_blank\" class=\"\"><i class=\"fa fa-telegram\"><\/i><span class=\"basel-social-icon-name\">Telegram<\/span><\/a><\/li>\n\t\t\t\t\n\t\t\t<\/ul>\n\n\t\t[\/vc_column][\/vc_row][vc_row][vc_column][vc_separator color=\u00bbcustom\u00bb css=\u00bb\u00bb accent_color=\u00bb#EBEBEB00&#8243;][\/vc_column][\/vc_row][vc_row][vc_column][vc_separator color=\u00bbcustom\u00bb css=\u00bb\u00bb accent_color=\u00bb#EBEBEB00&#8243;][\/vc_column][\/vc_row]<\/p>\n<\/div>","protected":false},"excerpt":{"rendered":"<p>[vc_row][vc_column][vc_separator color=\u00bbcustom\u00bb css=\u00bb\u00bb accent_color=\u00bb#EBEBEB00&#8243;][\/vc_column][\/vc_row][vc_row full_width=\u00bbstretch_row_content_no_spaces\u00bb content_placement=\u00bbmiddle\u00bb css=\u00bb.vc_custom_1451486211770{margin-top: -40px !important;margin-bottom: -40px !important;}\u00bb][vc_column offset=\u00bbvc_col-md-6&#8243;][vc_single_image image=\u00bb32143&#8243; img_size=\u00bbfull\u00bb alignment=\u00bbright\u00bb style=\u00bbvc_box_shadow_border\u00bb onclick=\u00bblink_image\u00bb css_animation=\u00bbfadeIn\u00bb css=\u00bb.vc_custom_1753318596008{margin-bottom: 0px<\/p>\n","protected":false},"author":1,"featured_media":0,"parent":0,"menu_order":0,"comment_status":"closed","ping_status":"closed","template":"","meta":{"footnotes":"","_links_to":"","_links_to_target":""},"class_list":["post-781","page","type-page","status-publish","hentry"],"_links":{"self":[{"href":"https:\/\/ceroc.cl\/dental\/wp-json\/wp\/v2\/pages\/781","targetHints":{"allow":["GET"]}}],"collection":[{"href":"https:\/\/ceroc.cl\/dental\/wp-json\/wp\/v2\/pages"}],"about":[{"href":"https:\/\/ceroc.cl\/dental\/wp-json\/wp\/v2\/types\/page"}],"author":[{"embeddable":true,"href":"https:\/\/ceroc.cl\/dental\/wp-json\/wp\/v2\/users\/1"}],"replies":[{"embeddable":true,"href":"https:\/\/ceroc.cl\/dental\/wp-json\/wp\/v2\/comments?post=781"}],"version-history":[{"count":11,"href":"https:\/\/ceroc.cl\/dental\/wp-json\/wp\/v2\/pages\/781\/revisions"}],"predecessor-version":[{"id":32156,"href":"https:\/\/ceroc.cl\/dental\/wp-json\/wp\/v2\/pages\/781\/revisions\/32156"}],"wp:attachment":[{"href":"https:\/\/ceroc.cl\/dental\/wp-json\/wp\/v2\/media?parent=781"}],"curies":[{"name":"wp","href":"https:\/\/api.w.org\/{rel}","templated":true}]}}