{"id":386,"date":"2017-01-29T12:34:17","date_gmt":"2017-01-29T12:34:17","guid":{"rendered":"http:\/\/dummy.xtemos.com\/basel\/vers\/?page_id=386"},"modified":"2025-07-30T19:04:29","modified_gmt":"2025-07-30T19:04:29","slug":"inicio","status":"publish","type":"page","link":"https:\/\/ceroc.cl\/dental\/","title":{"rendered":"INICIO"},"content":{"rendered":"<div class=\"wpb-content-wrapper\"><p>[vc_row full_width=\u00bbstretch_row\u00bb css=\u00bb.vc_custom_1752444756424{background: #EEECEC url(https:\/\/ceroc.cl\/dental\/wp-content\/uploads\/2025\/07\/a-minimalist-background-image-featuring-textured-blue-wall-with-white-stripe-at-bottom-complemented-by-dark-tiled-floor-this-design-is-perfect-for-website-backgrounds-or-modern-decor-free-photo.jpeg?id=31944) !important;}\u00bb][vc_column width=\u00bb1\/3&#8243;][vc_message message_box_style=\u00bb3d\u00bb message_box_color=\u00bbpeacoc\u00bb icon_fontawesome=\u00bbfa fa-solid fa-compass\u00bb css=\u00bb\u00bb]<strong>DIRECCI\u00d3N DE CEROC:<\/strong><br \/>\nCochrane 635, Torre B, of 405, Concepci\u00f3n, regi\u00f3n del B\u00edo B\u00edo, Chile[\/vc_message][\/vc_column][vc_column width=\u00bb1\/3&#8243;][vc_message message_box_style=\u00bb3d\u00bb message_box_color=\u00bbpeacoc\u00bb icon_fontawesome=\u00bbfa fa-regular fa-address-book\u00bb css=\u00bb\u00bb]<strong>INFO. DE CONTACTO:<\/strong><br \/>\n<strong>Tel\u00e9fonos:<\/strong> 41 2740290\u00a0 \/\u00a0 41 2748590\u00a0 569 82280490<br \/>\n<strong>E- mail:<\/strong> contacto@ceroc.cl[\/vc_message][\/vc_column][vc_column width=\u00bb1\/3&#8243;][vc_message message_box_style=\u00bb3d\u00bb message_box_color=\u00bbpeacoc\u00bb icon_fontawesome=\u00bbfa fa-solid fa-clock-rotate-left\u00bb css=\u00bb\u00bb]<strong>HORARIO DE ATENCI\u00d3N:<\/strong><br \/>\nNuestro Centro atiende de <strong>Lunes<\/strong> a <strong>Jueves<\/strong>, de 9:00 am. a 18:45 pm. \/ <strong>Viernes<\/strong>: 9:00 am. a 18:00 hrs.[\/vc_message][\/vc_column][\/vc_row][vc_row css=\u00bb.vc_custom_1463421437417{margin-top: -40px !important;margin-bottom: 0px !important;}\u00bb][vc_column][rev_slider_vc alias=\u00bblingerie\u00bb][\/vc_column][\/vc_row][vc_row css=\u00bb.vc_custom_1485003746685{margin-bottom: 4vh !important;}\u00bb][vc_column width=\u00bb1\/3&#8243; css=\u00bb.vc_custom_1575474643826{margin-top: -40px !important;}\u00bb el_class=\u00bbz-index-h\u00bb]\n\t\t\t<div class=\"promo-banner-wrapper\">\n\t\t\t\t<div class=\"promo-banner text-center vertical-alignment-middle banner-3 hover-4 color-scheme-light \"  >\n\n\t\t\t\t\t<div class=\"main-wrapp-img\">\n\t\t\t\t\t\t<div class=\"banner-image\">\n\t\t\t\t\t\t\t\t\t\t\t\t\t\t\t\t\t\t\t\t\t\t\t\t<img decoding=\"async\" class=\"promo-banner-image image-1 \" src=\"https:\/\/ceroc.cl\/dental\/wp-content\/uploads\/2025\/07\/2-6-600x400.jpg\" width=\"600\" height=\"400\" alt=\"2\" title=\"2\" loading=\"lazy\" \/>\t\t\t\t\t\t\t\t\t\t\t\t\t\t\t\t\t\t\t\t\t<\/div>\n\t\t\t\t\t<\/div>\n\n\t\t\t\t\t<div class=\"wrapper-content-baner\">\n\t\t\t\t\t\t<div class=\"banner-inner\">\n\t\t\t\t\t\t\t<\/p>\n<h1 style=\"margin-bottom: 0px;\"><strong>ESTUDIOS 3D<\/strong><\/h1>\n<p>\n\t\t\t\t\t\t<\/div>\n\t\t\t\t\t<\/div>\n\n\t\t\t\t<\/div>\n\t\t\t<\/div>\n\n\t\t[\/vc_column][vc_column width=\u00bb1\/3&#8243; css=\u00bb.vc_custom_1575474647769{margin-top: -40px !important;}\u00bb el_class=\u00bbz-index-h\u00bb]\n\t\t\t<div class=\"promo-banner-wrapper\">\n\t\t\t\t<div class=\"promo-banner text-center vertical-alignment-middle banner-3 hover-4 color-scheme-light \"  >\n\n\t\t\t\t\t<div class=\"main-wrapp-img\">\n\t\t\t\t\t\t<div class=\"banner-image\">\n\t\t\t\t\t\t\t\t\t\t\t\t\t\t\t\t\t\t\t\t\t\t\t\t<img decoding=\"async\" class=\"promo-banner-image image-1 \" src=\"https:\/\/ceroc.cl\/dental\/wp-content\/uploads\/2025\/07\/2D-600x400.png\" width=\"600\" height=\"400\" alt=\"2D\" title=\"2D\" loading=\"lazy\" \/>\t\t\t\t\t\t\t\t\t\t\t\t\t\t\t\t\t\t\t\t\t<\/div>\n\t\t\t\t\t<\/div>\n\n\t\t\t\t\t<div class=\"wrapper-content-baner\">\n\t\t\t\t\t\t<div class=\"banner-inner\">\n\t\t\t\t\t\t\t<\/p>\n<h1 style=\"margin-bottom: 0px;\"><strong>ESTUDIOS 2D<\/strong><\/h1>\n<p>\n\t\t\t\t\t\t<\/div>\n\t\t\t\t\t<\/div>\n\n\t\t\t\t<\/div>\n\t\t\t<\/div>\n\n\t\t[\/vc_column][vc_column width=\u00bb1\/3&#8243; css=\u00bb.vc_custom_1575474651193{margin-top: -40px !important;}\u00bb el_class=\u00bbz-index-h\u00bb]\n\t\t\t<div class=\"promo-banner-wrapper\">\n\t\t\t\t<div class=\"promo-banner text-center vertical-alignment-middle banner-3 hover-4 color-scheme-light \"  >\n\n\t\t\t\t\t<div class=\"main-wrapp-img\">\n\t\t\t\t\t\t<div class=\"banner-image\">\n\t\t\t\t\t\t\t\t\t\t\t\t\t\t\t\t\t\t\t\t\t\t\t\t<img decoding=\"async\" class=\"promo-banner-image image-1 \" src=\"https:\/\/ceroc.cl\/dental\/wp-content\/uploads\/2025\/07\/CEFA-600x400.png\" width=\"600\" height=\"400\" alt=\"CEFA\" title=\"CEFA\" loading=\"lazy\" \/>\t\t\t\t\t\t\t\t\t\t\t\t\t\t\t\t\t\t\t\t\t<\/div>\n\t\t\t\t\t<\/div>\n\n\t\t\t\t\t<div class=\"wrapper-content-baner\">\n\t\t\t\t\t\t<div class=\"banner-inner\">\n\t\t\t\t\t\t\t<\/p>\n<h1 style=\"margin-bottom: 0px;\"><strong>CEFALOMETR\u00cdA <\/strong><\/h1>\n<h1 style=\"margin-bottom: 0px;\"><strong>COMPUTARIZADA<\/strong><\/h1>\n<p>\n\t\t\t\t\t\t<\/div>\n\t\t\t\t\t<\/div>\n\n\t\t\t\t<\/div>\n\t\t\t<\/div>\n\n\t\t[\/vc_column][\/vc_row][vc_row full_width=\u00bbstretch_row\u00bb css=\u00bb.vc_custom_1752449239463{background-color: #E6E1E100 !important;}\u00bb][vc_column][vc_column_text css=\u00bb\u00bb]<\/p>\n<h2><strong><img loading=\"lazy\" decoding=\"async\" class=\"alignleft wp-image-32046\" src=\"https:\/\/ceroc.cl\/dental\/wp-content\/uploads\/2025\/07\/68-1-300x204.jpg\" alt=\"\" width=\"400\" height=\"272\" srcset=\"https:\/\/ceroc.cl\/dental\/wp-content\/uploads\/2025\/07\/68-1-300x204.jpg 300w, https:\/\/ceroc.cl\/dental\/wp-content\/uploads\/2025\/07\/68-1.jpg 500w\" sizes=\"auto, (max-width: 400px) 100vw, 400px\" \/>QUI\u00c9NES SOMOS<\/strong><\/h2>\n<p><strong>Centro Radiol\u00f3gico M\u00e1xilo &#8211; Facial<\/strong><\/p>\n<p class=\"p1\" style=\"text-align: justify;\"><span class=\"s1\"> Somos un <strong>Centro Radiol\u00f3gico Dento M\u00e1xilo Facial<\/strong> con m\u00e1s de 20 a\u00f1os de experiencia, contamos con personal altamente capacitado y equipamiento de vanguardia para entregar confianza y un servicio de excelencia a los profesionales y sus pacientes.\u00a0<\/span><\/p>\n<p style=\"text-align: center;\"><span style=\"color: #34599e;\"><strong>Tel\u00e9fono: <\/strong>41 2740290\u00a0 \/\u00a0 41 2748590\u00a0<strong>Whatsapp: +<\/strong>56 982280490 <strong>E- mail:<\/strong>\u00a0contacto@ceroc.cl<\/span><\/p>\n<p>[\/vc_column_text][\/vc_column][\/vc_row][vc_row][vc_column][vc_separator color=\u00bbwhite\u00bb css=\u00bb\u00bb][\/vc_column][\/vc_row][vc_row full_width=\u00bbstretch_row_content\u00bb equal_height=\u00bbyes\u00bb content_placement=\u00bbmiddle\u00bb css=\u00bb.vc_custom_1752448608940{background-color: rgba(3,170,223,0.06) !important;background-position: center !important;background-repeat: no-repeat !important;background-size: cover !important;*background-color: rgb(3,170,223) !important;}\u00bb][vc_column width=\u00bb1\/2&#8243; css=\u00bb.vc_custom_1752446491576{margin-bottom: 0px !important;padding-top: 0px !important;padding-bottom: 0px !important;background-position: center !important;background-repeat: no-repeat !important;background-size: cover !important;}\u00bb]\n\t\t\t<div class=\"promo-banner-wrapper\">\n\t\t\t\t<div class=\"promo-banner cursor-pointer text-center vertical-alignment-middle banner-2 hover-4 color-scheme-light \" onclick=\"window.location.href='#'\" >\n\n\t\t\t\t\t<div class=\"main-wrapp-img\">\n\t\t\t\t\t\t<div class=\"banner-image\">\n\t\t\t\t\t\t\t\t\t\t\t\t\t\t\t\t\t\t\t\t\t\t\t\t<img decoding=\"async\" class=\"promo-banner-image image-1 \" src=\"https:\/\/ceroc.cl\/dental\/wp-content\/uploads\/2025\/07\/75-1-950x800.jpg\" width=\"950\" height=\"800\" alt=\"75\" title=\"75\" loading=\"lazy\" \/>\t\t\t\t\t\t\t\t\t\t\t\t\t\t\t\t\t\t\t\t\t<\/div>\n\t\t\t\t\t<\/div>\n\n\t\t\t\t\t<div class=\"wrapper-content-baner\">\n\t\t\t\t\t\t<div class=\"banner-inner\">\n\t\t\t\t\t\t\t<\/p>\n<h1 class=\"font-alt color-primary\" style=\"font-family: Satisfy; font-size: 42px; margin-bottom: 0;\">EQUIPAMIENTO DE VANGUARDIA<\/h1>\n<p>\n\t\t\t\t\t\t<\/div>\n\t\t\t\t\t<\/div>\n\n\t\t\t\t<\/div>\n\t\t\t<\/div>\n\n\t\t[\/vc_column][vc_column width=\u00bb1\/2&#8243; css=\u00bb.vc_custom_1463303515418{margin-top: 20px !important;margin-right: 20px !important;margin-bottom: 20px !important;margin-left: 20px !important;padding-top: 40px !important;padding-bottom: 40px !important;background-color: #ffffff !important;}\u00bb el_class=\u00bbtext-center\u00bb][vc_single_image image=\u00bb31922&#8243; img_size=\u00bbfull\u00bb alignment=\u00bbcenter\u00bb css=\u00bb.vc_custom_1752541116624{margin-top: -15px !important;margin-bottom: 0px !important;}\u00bb][vc_column_text css=\u00bb.vc_custom_1752541173293{margin-bottom: 10px !important;}\u00bb]<\/p>\n<p style=\"color: #676767; font-size: 14px; letter-spacing: 1.5px;\">CENTRO RADIOL\u00d3GICO M\u00c1XILO &#8211; FACIAL<\/p>\n<p>[\/vc_column_text][vc_column_text css=\u00bb.vc_custom_1753323472735{margin-bottom: 25px !important;padding-right: 40px !important;padding-left: 40px !important;}\u00bb]<\/p>\n<p style=\"margin: 0 auto 20px; width: 90%; min-width: 100px;\">Equipamiento de vanguardia para entregar confianza y un servicio de excelencia a los profesionales y sus pacientes.<\/p>\n<p>[\/vc_column_text]<div class=\"basel-button-wrapper text-center\"><a href=\"https:\/\/ceroc.cl\/dental\/servicios-y-equipamiento\/\" title=\"\" class=\"btn btn-color-black btn-style-default btn-size-small\">VER EQUIPAMIENTO<\/a><\/div>[\/vc_column][\/vc_row][vc_row full_width=\u00bbstretch_row_content\u00bb equal_height=\u00bbyes\u00bb content_placement=\u00bbmiddle\u00bb css=\u00bb.vc_custom_1752448639817{margin-bottom: 10vh !important;background-color: rgba(3,170,223,0.06) !important;background-position: center !important;background-repeat: no-repeat !important;background-size: cover !important;*background-color: rgb(3,170,223) !important;}\u00bb][vc_column width=\u00bb1\/2&#8243; css=\u00bb.vc_custom_1463316745317{margin-top: 20px !important;margin-right: 20px !important;margin-bottom: 20px !important;margin-left: 20px !important;padding-top: 40px !important;padding-right: 40px !important;padding-bottom: 20px !important;padding-left: 40px !important;background-color: #ffffff !important;}\u00bb el_class=\u00bbtext-center\u00bb][vc_column_text css=\u00bb.vc_custom_1753323407545{margin-bottom: 15px !important;}\u00bb]<\/p>\n<h6 style=\"color: #9e9e9e; margin-bottom: 5px;\">CEROC &#8211; CONCEPCI\u00d3N<\/h6>\n<h1 style=\"margin: 0;\"><strong>Nuestro compromiso<\/strong><\/h1>\n<p>[\/vc_column_text][vc_column_text css=\u00bb.vc_custom_1753323352073{margin-bottom: 25px !important;padding-right: 50px !important;padding-left: 50px !important;}\u00bb]<\/p>\n<p style=\"margin: 0 auto 20px; width: 90%; min-width: 100px;\">Contamos con un equipo excepcional de profesionales altamente calificados, cuyo talento y compromiso nos permite brindar una atenci\u00f3n oportuna y de calidad.<\/p>\n<p>[\/vc_column_text][\/vc_column][vc_column width=\u00bb1\/2&#8243; css=\u00bb.vc_custom_1463299087251{margin-bottom: 0px !important;padding-top: 0px !important;padding-bottom: 0px !important;}\u00bb]\n\t\t\t<div class=\"promo-banner-wrapper\">\n\t\t\t\t<div class=\"promo-banner cursor-pointer text-center vertical-alignment-middle banner-2 hover-4 color-scheme-light \" onclick=\"window.location.href='#'\" >\n\n\t\t\t\t\t<div class=\"main-wrapp-img\">\n\t\t\t\t\t\t<div class=\"banner-image\">\n\t\t\t\t\t\t\t\t\t\t\t\t\t\t\t\t\t\t\t\t\t\t\t\t<img decoding=\"async\" class=\"promo-banner-image image-1 \" src=\"https:\/\/ceroc.cl\/dental\/wp-content\/uploads\/2025\/07\/35-950x800.jpg\" width=\"950\" height=\"800\" alt=\"35\" title=\"35\" loading=\"lazy\" \/>\t\t\t\t\t\t\t\t\t\t\t\t\t\t\t\t\t\t\t\t\t<\/div>\n\t\t\t\t\t<\/div>\n\n\t\t\t\t\t<div class=\"wrapper-content-baner\">\n\t\t\t\t\t\t<div class=\"banner-inner\">\n\t\t\t\t\t\t\t<\/p>\n<h1 class=\"font-alt color-primary\" style=\"font-family: Satisfy; font-size: 42px; margin-bottom: 0;\">PERSONAL ALTAMENTE CALIFICADO.<\/h1>\n<p>\n\t\t\t\t\t\t<\/div>\n\t\t\t\t\t<\/div>\n\n\t\t\t\t<\/div>\n\t\t\t<\/div>\n\n\t\t[\/vc_column][\/vc_row][vc_row][vc_column width=\u00bb1\/2&#8243;]<div class=\"title-wrapper  basel-title-color-default basel-title-style-default basel-title-size-default text-left \"><div class=\"liner-continer\"> <span class=\"left-line\"><\/span> <h4 class=\"title\" >INFORMACI\u00d3N DE CONTACTO<span class=\"title-separator\"><span><\/span><\/span><\/h4> <span class=\"right-line\"><\/span> <\/div><\/div>[vc_row_inner][vc_column_inner width=\u00bb1\/2&#8243;]\t\t\t<div class=\" basel-info-box text-left icon-alignment-left box-style-base color-scheme-dark  with-animation \" onclick=\"\">\n\t\t\t\t\t\t\t\t\t<div class=\"box-icon-wrapper\">\n\t\t\t\t\t\t<div class=\"info-box-icon\">\n\t\t\t\t\t\t\t\t\t\t\t\t\t\t\t\t\t\t\t\t\t\t\t\t\t\t<img decoding=\"async\" class=\"info-icon image-1 \" src=\"https:\/\/ceroc.cl\/dental\/wp-content\/uploads\/2025\/07\/dir-40x40.png\" width=\"40\" height=\"40\" alt=\"dir\" title=\"dir\" loading=\"lazy\" \/>\t\t\t\t\t\t\t\t\t\t\t\t\t\t<\/div>\n\t\t\t\t\t<\/div>\n\t\t\t\t\t\t\t\t<div class=\"info-box-content\">\n\t\t\t\t\t<div class=\"info-box-inner\">\n\t\t\t\t\t\t<\/p>\n<h4 style=\"font-size: 20px; margin-bottom: 5px;\">Direcci\u00f3n<\/h4>\n<p style=\"font-size: 14px;\">Cochrane 635, Torre B, of 405, Concepci\u00f3n<\/p>\n<p>\n\t\t\t\t\t<\/div>\n\t\t\t\t<\/div>\n\t\t\t<\/div>\n\t\t\t\t\t<div class=\" basel-info-box text-left icon-alignment-left box-style-base color-scheme-dark  with-animation \" onclick=\"\">\n\t\t\t\t\t\t\t\t\t<div class=\"box-icon-wrapper\">\n\t\t\t\t\t\t<div class=\"info-box-icon\">\n\t\t\t\t\t\t\t\t\t\t\t\t\t\t\t\t\t\t\t\t\t\t\t\t\t\t<img decoding=\"async\" class=\"info-icon image-1 \" src=\"https:\/\/ceroc.cl\/dental\/wp-content\/uploads\/2025\/07\/mail-40x40.png\" width=\"40\" height=\"40\" alt=\"mail\" title=\"mail\" loading=\"lazy\" \/>\t\t\t\t\t\t\t\t\t\t\t\t\t\t<\/div>\n\t\t\t\t\t<\/div>\n\t\t\t\t\t\t\t\t<div class=\"info-box-content\">\n\t\t\t\t\t<div class=\"info-box-inner\">\n\t\t\t\t\t\t<\/p>\n<h4 style=\"font-size: 20px; margin-bottom: 5px;\">E-mail:<\/h4>\n<p style=\"font-size: 14px;\"><a href=\"mailto:contacto@ceroc.cl\">contacto@ceroc.cl<\/a><\/p>\n<p>\n\t\t\t\t\t<\/div>\n\t\t\t\t<\/div>\n\t\t\t<\/div>\n\t\t[\/vc_column_inner][vc_column_inner width=\u00bb1\/2&#8243;]\t\t\t<div class=\" basel-info-box text-left icon-alignment-left box-style-base color-scheme-dark  with-animation \" onclick=\"\">\n\t\t\t\t\t\t\t\t\t<div class=\"box-icon-wrapper\">\n\t\t\t\t\t\t<div class=\"info-box-icon\">\n\t\t\t\t\t\t\t\t\t\t\t\t\t\t\t\t\t\t\t\t\t\t\t\t\t\t<img decoding=\"async\" class=\"info-icon image-1 \" src=\"https:\/\/ceroc.cl\/dental\/wp-content\/uploads\/2025\/07\/fono-40x40.png\" width=\"40\" height=\"40\" alt=\"fono\" title=\"fono\" loading=\"lazy\" \/>\t\t\t\t\t\t\t\t\t\t\t\t\t\t<\/div>\n\t\t\t\t\t<\/div>\n\t\t\t\t\t\t\t\t<div class=\"info-box-content\">\n\t\t\t\t\t<div class=\"info-box-inner\">\n\t\t\t\t\t\t<\/p>\n<h4 style=\"font-size: 20px; margin-bottom: 5px;\">Tel\u00e9fonos:<\/h4>\n<p style=\"font-size: 14px;\">41 2740290 \/41 2748590 \/<br \/>\n569 82280490<\/p>\n<p>\n\t\t\t\t\t<\/div>\n\t\t\t\t<\/div>\n\t\t\t<\/div>\n\t\t<div class=\"basel-button-wrapper text-center\"><a href=\"#my_popup\" title=\"\" class=\"btn btn-color-primary btn-style-round btn-size-large basel-popup-with-content \">\u00bfC\u00f3mo llegar a Centro Radiol\u00f3gico Ceroc?<\/a><\/div><div id=\"my_popup\" class=\"mfp-with-anim basel-content-popup mfp-hide\" style=\"max-width:800px;\"><div class=\"basel-popup-inner\">[vc_video link=\u00bbhttps:\/\/www.youtube.com\/shorts\/yTDe-xLUZAc?feature=share\u00bb css=\u00bb\u00bb]<\/div><\/div>[\/vc_column_inner][\/vc_row_inner][\/vc_column][vc_column width=\u00bb1\/2&#8243;][vc_column_text css=\u00bb\u00bb]<iframe loading=\"lazy\" style=\"border: 0;\" src=\"https:\/\/www.google.com\/maps\/embed?pb=!1m18!1m12!1m3!1d3193.540702404757!2d-73.05145012452161!3d-36.82952457223874!2m3!1f0!2f0!3f0!3m2!1i1024!2i768!4f13.1!3m3!1m2!1s0x9669b5d6d2d20a3f%3A0xce56dfb9959522b6!2zQ29jaHJhbmUgNjM1LCA0MDcwMjQ1IENvbmNlcGNpw7NuLCBCw61vIELDrW8!5e0!3m2!1ses!2scl!4v1752537684201!5m2!1ses!2scl\" width=\"500\" height=\"450\" allowfullscreen=\"allowfullscreen\"><\/iframe>[\/vc_column_text][\/vc_column][\/vc_row][vc_row full_width=\u00bbstretch_row_content_no_spaces\u00bb css=\u00bb.vc_custom_1463251273479{margin-bottom: -40px !important;}\u00bb][vc_column css=\u00bb.vc_custom_1485003493067{padding-top: 0px !important;}\u00bb]<div class=\"title-wrapper  basel-title-color-default basel-title-style-cross basel-title-size-default text-center \"><div class=\"liner-continer\"> <span class=\"left-line\"><\/span> <h4 class=\"title\" ><strong>NUESTRO CENTRO EN IM\u00c1GENES<\/strong><span class=\"title-separator\"><span><\/span><\/span><\/h4> <span class=\"right-line\"><\/span> <\/div><\/div>\t\t\t<div id=\"gallery_769\" class=\"basel-images-gallery  spacing-20 columns-4 view-masonry photoswipe-images\" >\n\t\t\t\t<div class=\"gallery-images \">\n\t\t\t\t\t\t\t\t\t\t\t\t\t\t\t\t\t\t<div class=\"basel-gallery-item\">\n\t\t\t\t\t\t\t\t\t\t\t\t\t\t\t\t\t<a href=\"https:\/\/ceroc.cl\/dental\/wp-content\/uploads\/2025\/07\/88.jpg\" data-index=\"1\" data-width=\"1650\" data-height=\"2200\"  >\n\t\t\t\t\t\t\t\t\t\t\t\t\t\t\t\n\t\t\t\t\t\t\t\t\t\t\t\t\t\t\t\t\t<img decoding=\"async\" class=\"basel-gallery-image image-1 \" src=\"https:\/\/ceroc.cl\/dental\/wp-content\/uploads\/2025\/07\/88-300x250.jpg\" width=\"300\" height=\"250\" alt=\"88\" title=\"88\" loading=\"lazy\" \/>\t\t\t\t\t\t\t\t\n\t\t\t\t\t\t\t\t\t\t\t\t\t\t\t\t\t<\/a>\n\t\t\t\t\t\t\t\t\t\t\t\t\t\t\t<\/div>\n\t\t\t\t\t\t\t\t\t\t\t\t\t<div class=\"basel-gallery-item\">\n\t\t\t\t\t\t\t\t\t\t\t\t\t\t\t\t\t<a href=\"https:\/\/ceroc.cl\/dental\/wp-content\/uploads\/2025\/07\/2-6.jpg\" data-index=\"2\" data-width=\"800\" data-height=\"1018\"  >\n\t\t\t\t\t\t\t\t\t\t\t\t\t\t\t\n\t\t\t\t\t\t\t\t\t\t\t\t\t\t\t\t\t<img decoding=\"async\" class=\"basel-gallery-image image-2 \" src=\"https:\/\/ceroc.cl\/dental\/wp-content\/uploads\/2025\/07\/2-6-300x250.jpg\" width=\"300\" height=\"250\" alt=\"2\" title=\"2\" loading=\"lazy\" \/>\t\t\t\t\t\t\t\t\n\t\t\t\t\t\t\t\t\t\t\t\t\t\t\t\t\t<\/a>\n\t\t\t\t\t\t\t\t\t\t\t\t\t\t\t<\/div>\n\t\t\t\t\t\t\t\t\t\t\t\t\t<div class=\"basel-gallery-item\">\n\t\t\t\t\t\t\t\t\t\t\t\t\t\t\t\t\t<a href=\"https:\/\/ceroc.cl\/dental\/wp-content\/uploads\/2025\/07\/75-2.jpg\" data-index=\"3\" data-width=\"1650\" data-height=\"1238\"  >\n\t\t\t\t\t\t\t\t\t\t\t\t\t\t\t\n\t\t\t\t\t\t\t\t\t\t\t\t\t\t\t\t\t<img decoding=\"async\" class=\"basel-gallery-image image-3 \" src=\"https:\/\/ceroc.cl\/dental\/wp-content\/uploads\/2025\/07\/75-2-300x250.jpg\" width=\"300\" height=\"250\" alt=\"75\" title=\"75\" loading=\"lazy\" \/>\t\t\t\t\t\t\t\t\n\t\t\t\t\t\t\t\t\t\t\t\t\t\t\t\t\t<\/a>\n\t\t\t\t\t\t\t\t\t\t\t\t\t\t\t<\/div>\n\t\t\t\t\t\t\t\t\t\t\t\t\t<div class=\"basel-gallery-item\">\n\t\t\t\t\t\t\t\t\t\t\t\t\t\t\t\t\t<a href=\"https:\/\/ceroc.cl\/dental\/wp-content\/uploads\/2025\/07\/59.jpg\" data-index=\"4\" data-width=\"1650\" data-height=\"2475\"  >\n\t\t\t\t\t\t\t\t\t\t\t\t\t\t\t\n\t\t\t\t\t\t\t\t\t\t\t\t\t\t\t\t\t<img decoding=\"async\" class=\"basel-gallery-image image-4 \" src=\"https:\/\/ceroc.cl\/dental\/wp-content\/uploads\/2025\/07\/59-300x250.jpg\" width=\"300\" height=\"250\" alt=\"59\" title=\"59\" loading=\"lazy\" \/>\t\t\t\t\t\t\t\t\n\t\t\t\t\t\t\t\t\t\t\t\t\t\t\t\t\t<\/a>\n\t\t\t\t\t\t\t\t\t\t\t\t\t\t\t<\/div>\n\t\t\t\t\t\t\t\t\t\t\t\t\t<div class=\"basel-gallery-item\">\n\t\t\t\t\t\t\t\t\t\t\t\t\t\t\t\t\t<a href=\"https:\/\/ceroc.cl\/dental\/wp-content\/uploads\/2025\/07\/57.jpg\" data-index=\"5\" data-width=\"1650\" data-height=\"1100\"  >\n\t\t\t\t\t\t\t\t\t\t\t\t\t\t\t\n\t\t\t\t\t\t\t\t\t\t\t\t\t\t\t\t\t<img decoding=\"async\" class=\"basel-gallery-image image-5 \" src=\"https:\/\/ceroc.cl\/dental\/wp-content\/uploads\/2025\/07\/57-300x250.jpg\" width=\"300\" height=\"250\" alt=\"57\" title=\"57\" loading=\"lazy\" \/>\t\t\t\t\t\t\t\t\n\t\t\t\t\t\t\t\t\t\t\t\t\t\t\t\t\t<\/a>\n\t\t\t\t\t\t\t\t\t\t\t\t\t\t\t<\/div>\n\t\t\t\t\t\t\t\t\t\t\t\t\t<div class=\"basel-gallery-item\">\n\t\t\t\t\t\t\t\t\t\t\t\t\t\t\t\t\t<a href=\"https:\/\/ceroc.cl\/dental\/wp-content\/uploads\/2025\/07\/46-1.jpg\" data-index=\"6\" data-width=\"1650\" data-height=\"1100\"  >\n\t\t\t\t\t\t\t\t\t\t\t\t\t\t\t\n\t\t\t\t\t\t\t\t\t\t\t\t\t\t\t\t\t<img decoding=\"async\" class=\"basel-gallery-image image-6 \" src=\"https:\/\/ceroc.cl\/dental\/wp-content\/uploads\/2025\/07\/46-1-300x250.jpg\" width=\"300\" height=\"250\" alt=\"46\" title=\"46\" loading=\"lazy\" \/>\t\t\t\t\t\t\t\t\n\t\t\t\t\t\t\t\t\t\t\t\t\t\t\t\t\t<\/a>\n\t\t\t\t\t\t\t\t\t\t\t\t\t\t\t<\/div>\n\t\t\t\t\t\t\t\t\t\t\t\t\t<div class=\"basel-gallery-item\">\n\t\t\t\t\t\t\t\t\t\t\t\t\t\t\t\t\t<a href=\"https:\/\/ceroc.cl\/dental\/wp-content\/uploads\/2025\/07\/15-1.jpg\" data-index=\"7\" data-width=\"1650\" data-height=\"1124\"  >\n\t\t\t\t\t\t\t\t\t\t\t\t\t\t\t\n\t\t\t\t\t\t\t\t\t\t\t\t\t\t\t\t\t<img decoding=\"async\" class=\"basel-gallery-image image-7 \" src=\"https:\/\/ceroc.cl\/dental\/wp-content\/uploads\/2025\/07\/15-1-300x250.jpg\" width=\"300\" height=\"250\" alt=\"15\" title=\"15\" loading=\"lazy\" \/>\t\t\t\t\t\t\t\t\n\t\t\t\t\t\t\t\t\t\t\t\t\t\t\t\t\t<\/a>\n\t\t\t\t\t\t\t\t\t\t\t\t\t\t\t<\/div>\n\t\t\t\t\t\t\t\t\t\t\t\t\t<div class=\"basel-gallery-item\">\n\t\t\t\t\t\t\t\t\t\t\t\t\t\t\t\t\t<a href=\"https:\/\/ceroc.cl\/dental\/wp-content\/uploads\/2025\/07\/CEFA.png\" data-index=\"8\" data-width=\"630\" data-height=\"583\"  >\n\t\t\t\t\t\t\t\t\t\t\t\t\t\t\t\n\t\t\t\t\t\t\t\t\t\t\t\t\t\t\t\t\t<img decoding=\"async\" class=\"basel-gallery-image image-8 \" src=\"https:\/\/ceroc.cl\/dental\/wp-content\/uploads\/2025\/07\/CEFA-300x250.png\" width=\"300\" height=\"250\" alt=\"CEFA\" title=\"CEFA\" loading=\"lazy\" \/>\t\t\t\t\t\t\t\t\n\t\t\t\t\t\t\t\t\t\t\t\t\t\t\t\t\t<\/a>\n\t\t\t\t\t\t\t\t\t\t\t\t\t\t\t<\/div>\n\t\t\t\t\t\t\t\t\t\t\t\t\t\t\t<\/div>\n\t\t\t<\/div>\n\t\t\t\t\t\t\t<script type=\"text\/javascript\">\n\t\t\t\t\tjQuery( document ).ready(function( $ ) {\n\t\t                if (typeof($.fn.isotope) == 'undefined' || typeof($.fn.imagesLoaded) == 'undefined') return;\n\t\t                var $container = $('.view-masonry .gallery-images');\n\n\t\t                \/\/ initialize Masonry after all images have loaded\n\t\t                $container.imagesLoaded(function() {\n\t\t                    $container.isotope({\n\t\t                        gutter: 0,\n\t\t                        isOriginLeft: ! $('body').hasClass('rtl'),\n\t\t                        itemSelector: '.basel-gallery-item'\n\t\t                    });\n\t\t                });\n\t\t\t\t\t});\n\t\t\t\t<\/script>\n\t\t\t\t\t[\/vc_column][\/vc_row]<\/p>\n<\/div>","protected":false},"excerpt":{"rendered":"<p>[vc_row full_width=\u00bbstretch_row\u00bb css=\u00bb.vc_custom_1752444756424{background: #EEECEC url(https:\/\/ceroc.cl\/dental\/wp-content\/uploads\/2025\/07\/a-minimalist-background-image-featuring-textured-blue-wall-with-white-stripe-at-bottom-complemented-by-dark-tiled-floor-this-design-is-perfect-for-website-backgrounds-or-modern-decor-free-photo.jpeg?id=31944) !important;}\u00bb][vc_column width=\u00bb1\/3&#8243;][vc_message message_box_style=\u00bb3d\u00bb message_box_color=\u00bbpeacoc\u00bb icon_fontawesome=\u00bbfa fa-solid fa-compass\u00bb css=\u00bb\u00bb]DIRECCI\u00d3N DE CEROC: Cochrane 635, Torre B, of<\/p>\n","protected":false},"author":1,"featured_media":0,"parent":0,"menu_order":0,"comment_status":"closed","ping_status":"closed","template":"","meta":{"footnotes":"","_links_to":"","_links_to_target":""},"class_list":["post-386","page","type-page","status-publish","hentry"],"_links":{"self":[{"href":"https:\/\/ceroc.cl\/dental\/wp-json\/wp\/v2\/pages\/386","targetHints":{"allow":["GET"]}}],"collection":[{"href":"https:\/\/ceroc.cl\/dental\/wp-json\/wp\/v2\/pages"}],"about":[{"href":"https:\/\/ceroc.cl\/dental\/wp-json\/wp\/v2\/types\/page"}],"author":[{"embeddable":true,"href":"https:\/\/ceroc.cl\/dental\/wp-json\/wp\/v2\/users\/1"}],"replies":[{"embeddable":true,"href":"https:\/\/ceroc.cl\/dental\/wp-json\/wp\/v2\/comments?post=386"}],"version-history":[{"count":139,"href":"https:\/\/ceroc.cl\/dental\/wp-json\/wp\/v2\/pages\/386\/revisions"}],"predecessor-version":[{"id":32244,"href":"https:\/\/ceroc.cl\/dental\/wp-json\/wp\/v2\/pages\/386\/revisions\/32244"}],"wp:attachment":[{"href":"https:\/\/ceroc.cl\/dental\/wp-json\/wp\/v2\/media?parent=386"}],"curies":[{"name":"wp","href":"https:\/\/api.w.org\/{rel}","templated":true}]}}